{"id":34,"date":"2022-09-13T16:37:47","date_gmt":"2022-09-13T16:37:47","guid":{"rendered":"http:\/\/raph.mailhiotinc.com\/portfolio\/cours\/pw\/tp1\/?page_id=34"},"modified":"2022-09-21T14:03:34","modified_gmt":"2022-09-21T14:03:34","slug":"a-propos","status":"publish","type":"page","link":"https:\/\/raph.mailhiotinc.com\/portfolio\/a-propos\/","title":{"rendered":"\u00c0 propos"},"content":{"rendered":"\n<h2 class=\"wp-block-heading\">&lt;> \u00c0 propos de moi &lt;\/><\/h2>\n","protected":false},"excerpt":{"rendered":"<p>&lt;> \u00c0 propos de moi &lt;\/><\/p>\n","protected":false},"author":1,"featured_media":0,"parent":0,"menu_order":0,"comment_status":"closed","ping_status":"closed","template":"template-apropos.php","meta":{"footnotes":""},"class_list":["post-34","page","type-page","status-publish","hentry"],"acf":[],"yoast_head":"<!-- This site is optimized with the Yoast SEO plugin v26.4 - https:\/\/yoast.com\/wordpress\/plugins\/seo\/ -->\n<title>\u00c0 propos - Rapha\u00ebl Mailhiot<\/title>\n<meta name=\"robots\" content=\"index, follow, max-snippet:-1, max-image-preview:large, max-video-preview:-1\" \/>\n<link rel=\"canonical\" href=\"https:\/\/raph.mailhiotinc.com\/portfolio\/a-propos\/\" \/>\n<meta property=\"og:locale\" content=\"fr_CA\" \/>\n<meta property=\"og:type\" content=\"article\" \/>\n<meta property=\"og:title\" content=\"\u00c0 propos - Rapha\u00ebl Mailhiot\" \/>\n<meta property=\"og:description\" content=\"&lt;&gt; \u00c0 propos de moi &lt;\/&gt;\" \/>\n<meta property=\"og:url\" content=\"https:\/\/raph.mailhiotinc.com\/portfolio\/a-propos\/\" \/>\n<meta property=\"og:site_name\" content=\"Rapha\u00ebl Mailhiot\" \/>\n<meta property=\"article:modified_time\" content=\"2022-09-21T14:03:34+00:00\" \/>\n<meta name=\"twitter:card\" content=\"summary_large_image\" \/>\n<meta name=\"twitter:label1\" content=\"Estimation du temps de lecture\" \/>\n\t<meta name=\"twitter:data1\" content=\"1 minute\" \/>\n<script type=\"application\/ld+json\" class=\"yoast-schema-graph\">{\"@context\":\"https:\/\/schema.org\",\"@graph\":[{\"@type\":\"WebPage\",\"@id\":\"https:\/\/raph.mailhiotinc.com\/portfolio\/a-propos\/\",\"url\":\"https:\/\/raph.mailhiotinc.com\/portfolio\/a-propos\/\",\"name\":\"\u00c0 propos - Rapha\u00ebl Mailhiot\",\"isPartOf\":{\"@id\":\"https:\/\/raph.mailhiotinc.com\/portfolio\/#website\"},\"datePublished\":\"2022-09-13T16:37:47+00:00\",\"dateModified\":\"2022-09-21T14:03:34+00:00\",\"breadcrumb\":{\"@id\":\"https:\/\/raph.mailhiotinc.com\/portfolio\/a-propos\/#breadcrumb\"},\"inLanguage\":\"fr-CA\",\"potentialAction\":[{\"@type\":\"ReadAction\",\"target\":[\"https:\/\/raph.mailhiotinc.com\/portfolio\/a-propos\/\"]}]},{\"@type\":\"BreadcrumbList\",\"@id\":\"https:\/\/raph.mailhiotinc.com\/portfolio\/a-propos\/#breadcrumb\",\"itemListElement\":[{\"@type\":\"ListItem\",\"position\":1,\"name\":\"Accueil\",\"item\":\"https:\/\/raph.mailhiotinc.com\/portfolio\/\"},{\"@type\":\"ListItem\",\"position\":2,\"name\":\"\u00c0 propos\"}]},{\"@type\":\"WebSite\",\"@id\":\"https:\/\/raph.mailhiotinc.com\/portfolio\/#website\",\"url\":\"https:\/\/raph.mailhiotinc.com\/portfolio\/\",\"name\":\"Rapha\u00ebl Mailhiot\",\"description\":\"Le portfolio de Rapha\u00ebl Mailhiot\",\"publisher\":{\"@id\":\"https:\/\/raph.mailhiotinc.com\/portfolio\/#\/schema\/person\/32bed361e7a8d1e8eb735c1073df865c\"},\"potentialAction\":[{\"@type\":\"SearchAction\",\"target\":{\"@type\":\"EntryPoint\",\"urlTemplate\":\"https:\/\/raph.mailhiotinc.com\/portfolio\/?s={search_term_string}\"},\"query-input\":{\"@type\":\"PropertyValueSpecification\",\"valueRequired\":true,\"valueName\":\"search_term_string\"}}],\"inLanguage\":\"fr-CA\"},{\"@type\":[\"Person\",\"Organization\"],\"@id\":\"https:\/\/raph.mailhiotinc.com\/portfolio\/#\/schema\/person\/32bed361e7a8d1e8eb735c1073df865c\",\"name\":\"raphael\",\"image\":{\"@type\":\"ImageObject\",\"inLanguage\":\"fr-CA\",\"@id\":\"https:\/\/raph.mailhiotinc.com\/portfolio\/#\/schema\/person\/image\/\",\"url\":\"http:\/\/raph.mailhiotinc.com\/portfolio\/wp-content\/uploads\/2022\/11\/Frame-7.jpg\",\"contentUrl\":\"http:\/\/raph.mailhiotinc.com\/portfolio\/wp-content\/uploads\/2022\/11\/Frame-7.jpg\",\"width\":600,\"height\":600,\"caption\":\"raphael\"},\"logo\":{\"@id\":\"https:\/\/raph.mailhiotinc.com\/portfolio\/#\/schema\/person\/image\/\"},\"sameAs\":[\"http:\/\/raph.mailhiotinc.com\/portfolio\",\"https:\/\/www.instagram.com\/raphmailhiot_pro\/\",\"https:\/\/www.linkedin.com\/in\/raphmailhiot\/\",\"https:\/\/www.youtube.com\/channel\/UCfNZBdq3_WMSuuaKliVAPsQ\"]}]}<\/script>\n<!-- \/ Yoast SEO plugin. -->","yoast_head_json":{"title":"\u00c0 propos - Rapha\u00ebl Mailhiot","robots":{"index":"index","follow":"follow","max-snippet":"max-snippet:-1","max-image-preview":"max-image-preview:large","max-video-preview":"max-video-preview:-1"},"canonical":"https:\/\/raph.mailhiotinc.com\/portfolio\/a-propos\/","og_locale":"fr_CA","og_type":"article","og_title":"\u00c0 propos - Rapha\u00ebl Mailhiot","og_description":"&lt;> \u00c0 propos de moi &lt;\/>","og_url":"https:\/\/raph.mailhiotinc.com\/portfolio\/a-propos\/","og_site_name":"Rapha\u00ebl Mailhiot","article_modified_time":"2022-09-21T14:03:34+00:00","twitter_card":"summary_large_image","twitter_misc":{"Estimation du temps de lecture":"1 minute"},"schema":{"@context":"https:\/\/schema.org","@graph":[{"@type":"WebPage","@id":"https:\/\/raph.mailhiotinc.com\/portfolio\/a-propos\/","url":"https:\/\/raph.mailhiotinc.com\/portfolio\/a-propos\/","name":"\u00c0 propos - Rapha\u00ebl Mailhiot","isPartOf":{"@id":"https:\/\/raph.mailhiotinc.com\/portfolio\/#website"},"datePublished":"2022-09-13T16:37:47+00:00","dateModified":"2022-09-21T14:03:34+00:00","breadcrumb":{"@id":"https:\/\/raph.mailhiotinc.com\/portfolio\/a-propos\/#breadcrumb"},"inLanguage":"fr-CA","potentialAction":[{"@type":"ReadAction","target":["https:\/\/raph.mailhiotinc.com\/portfolio\/a-propos\/"]}]},{"@type":"BreadcrumbList","@id":"https:\/\/raph.mailhiotinc.com\/portfolio\/a-propos\/#breadcrumb","itemListElement":[{"@type":"ListItem","position":1,"name":"Accueil","item":"https:\/\/raph.mailhiotinc.com\/portfolio\/"},{"@type":"ListItem","position":2,"name":"\u00c0 propos"}]},{"@type":"WebSite","@id":"https:\/\/raph.mailhiotinc.com\/portfolio\/#website","url":"https:\/\/raph.mailhiotinc.com\/portfolio\/","name":"Rapha\u00ebl Mailhiot","description":"Le portfolio de Rapha\u00ebl Mailhiot","publisher":{"@id":"https:\/\/raph.mailhiotinc.com\/portfolio\/#\/schema\/person\/32bed361e7a8d1e8eb735c1073df865c"},"potentialAction":[{"@type":"SearchAction","target":{"@type":"EntryPoint","urlTemplate":"https:\/\/raph.mailhiotinc.com\/portfolio\/?s={search_term_string}"},"query-input":{"@type":"PropertyValueSpecification","valueRequired":true,"valueName":"search_term_string"}}],"inLanguage":"fr-CA"},{"@type":["Person","Organization"],"@id":"https:\/\/raph.mailhiotinc.com\/portfolio\/#\/schema\/person\/32bed361e7a8d1e8eb735c1073df865c","name":"raphael","image":{"@type":"ImageObject","inLanguage":"fr-CA","@id":"https:\/\/raph.mailhiotinc.com\/portfolio\/#\/schema\/person\/image\/","url":"http:\/\/raph.mailhiotinc.com\/portfolio\/wp-content\/uploads\/2022\/11\/Frame-7.jpg","contentUrl":"http:\/\/raph.mailhiotinc.com\/portfolio\/wp-content\/uploads\/2022\/11\/Frame-7.jpg","width":600,"height":600,"caption":"raphael"},"logo":{"@id":"https:\/\/raph.mailhiotinc.com\/portfolio\/#\/schema\/person\/image\/"},"sameAs":["http:\/\/raph.mailhiotinc.com\/portfolio","https:\/\/www.instagram.com\/raphmailhiot_pro\/","https:\/\/www.linkedin.com\/in\/raphmailhiot\/","https:\/\/www.youtube.com\/channel\/UCfNZBdq3_WMSuuaKliVAPsQ"]}]}},"_links":{"self":[{"href":"https:\/\/raph.mailhiotinc.com\/portfolio\/wp-json\/wp\/v2\/pages\/34","targetHints":{"allow":["GET"]}}],"collection":[{"href":"https:\/\/raph.mailhiotinc.com\/portfolio\/wp-json\/wp\/v2\/pages"}],"about":[{"href":"https:\/\/raph.mailhiotinc.com\/portfolio\/wp-json\/wp\/v2\/types\/page"}],"author":[{"embeddable":true,"href":"https:\/\/raph.mailhiotinc.com\/portfolio\/wp-json\/wp\/v2\/users\/1"}],"replies":[{"embeddable":true,"href":"https:\/\/raph.mailhiotinc.com\/portfolio\/wp-json\/wp\/v2\/comments?post=34"}],"version-history":[{"count":4,"href":"https:\/\/raph.mailhiotinc.com\/portfolio\/wp-json\/wp\/v2\/pages\/34\/revisions"}],"predecessor-version":[{"id":124,"href":"https:\/\/raph.mailhiotinc.com\/portfolio\/wp-json\/wp\/v2\/pages\/34\/revisions\/124"}],"wp:attachment":[{"href":"https:\/\/raph.mailhiotinc.com\/portfolio\/wp-json\/wp\/v2\/media?parent=34"}],"curies":[{"name":"wp","href":"https:\/\/api.w.org\/{rel}","templated":true}]}}